

{"id":1182,"date":"2013-03-27T18:16:33","date_gmt":"2013-03-27T18:16:33","guid":{"rendered":"http:\/\/www.ananomundo.com.br\/nw\/?page_id=1182"},"modified":"2013-04-01T16:31:37","modified_gmt":"2013-04-01T16:31:37","slug":"o-blog","status":"publish","type":"page","link":"http:\/\/www.ananomundo.com.br\/nw\/o-blog\/","title":{"rendered":"O Blog"},"content":{"rendered":"<p style=\"text-align: justify;\">Um SITE DE VIAGENS repleto de dicas, relatos e imagens, tudo descrito de maneira informal, leve e divertida.<\/p>\n<p style=\"text-align: justify;\">Al\u00e9m de oferecer aos seus visitantes uma leitura agrad\u00e1vel, as dicas e relatos podem ser acessados em qualquer tempo, independente de ter sido escrito \u201cantes ou agora\u201d, pois sempre ter\u00e3o car\u00e1ter de uma leitura &#8220;atemporal&#8221; que pode servir tanto para o divertimento do leitor, como tamb\u00e9m para subsidiar suas futuras viagens (servir de guia). Sempre atual.<\/p>\n<p style=\"text-align: justify;\">Conta com um espa\u00e7o para troca de informa\u00e7\u00f5es e dicas\/relatos entre os visitantes. Tem tamb\u00e9m um espa\u00e7o para coment\u00e1rios e o leitor poder\u00e1 solicitar mais subs\u00eddios ou at\u00e9 mesmo um plano de uma viagem personalizado. Al\u00e9m disso, tem uma se\u00e7\u00e3o onde leitores convidados colaboram com suas dicas ou hist\u00f3rias de suas pr\u00f3prias viagens.<\/p>\n<p style=\"text-align: justify;\"><strong>OBS<\/strong>. Meu Blog anterior <a href=\"ananomundo-ananomundo.blogspot.com.br\">ananomundo (blogspot)<\/a>, ainda conta com alguns relatos que n\u00e3o foram ainda postados aqui. Entretanto, sair\u00e1 do ar, assim que todas as postagens\u00a0estiverem aqui neste novo!<\/p>\n<div style=\"display: none;\"\n    class=\"kk-star-ratings kksr-valign-bottom kksr-align-right kksr-disabled\"\n    data-id=\"1182\"\n    data-slug=\"\">\n    <div class=\"kksr-stars\">\n    <div class=\"kksr-stars-inactive\">\n            <div class=\"kksr-star\" data-star=\"1\">\n            <div class=\"kksr-icon\" style=\"width: px; height: px;\"><\/div>\n        <\/div>\n            <div class=\"kksr-star\" data-star=\"2\">\n            <div class=\"kksr-icon\" style=\"width: px; height: px;\"><\/div>\n        <\/div>\n            <div class=\"kksr-star\" data-star=\"3\">\n            <div class=\"kksr-icon\" style=\"width: px; height: px;\"><\/div>\n        <\/div>\n            <div class=\"kksr-star\" data-star=\"4\">\n            <div class=\"kksr-icon\" style=\"width: px; height: px;\"><\/div>\n        <\/div>\n            <div class=\"kksr-star\" data-star=\"5\">\n            <div class=\"kksr-icon\" style=\"width: px; height: px;\"><\/div>\n        <\/div>\n    <\/div>\n    <div class=\"kksr-stars-active\" style=\"width: 0px;\">\n            <div class=\"kksr-star\">\n            <div class=\"kksr-icon\" style=\"width: px; height: px;\"><\/div>\n        <\/div>\n            <div class=\"kksr-star\">\n            <div class=\"kksr-icon\" style=\"width: px; height: px;\"><\/div>\n        <\/div>\n            <div class=\"kksr-star\">\n            <div class=\"kksr-icon\" style=\"width: px; height: px;\"><\/div>\n        <\/div>\n            <div class=\"kksr-star\">\n            <div class=\"kksr-icon\" style=\"width: px; height: px;\"><\/div>\n        <\/div>\n            <div class=\"kksr-star\">\n            <div class=\"kksr-icon\" style=\"width: px; height: px;\"><\/div>\n        <\/div>\n    <\/div>\n<\/div>\n    <div class=\"kksr-legend\">\n            <span class=\"kksr-muted\"><\/span>\n    <\/div>\n<\/div>\n<div class=\"sharedaddy sd-sharing-enabled\"><div class=\"robots-nocontent sd-block sd-social sd-social-icon-text sd-sharing\"><h3 class=\"sd-title\">Compartilhe isso:<\/h3><div class=\"sd-content\"><ul><li class=\"share-facebook\"><a rel=\"nofollow noopener noreferrer\" data-shared=\"sharing-facebook-1182\" class=\"share-facebook sd-button share-icon\" href=\"http:\/\/www.ananomundo.com.br\/nw\/o-blog\/?share=facebook\" target=\"_blank\" title=\"Clique para compartilhar no Facebook\"><span>Facebook<\/span><\/a><\/li><li class=\"share-twitter\"><a rel=\"nofollow noopener noreferrer\" data-shared=\"sharing-twitter-1182\" class=\"share-twitter sd-button share-icon\" href=\"http:\/\/www.ananomundo.com.br\/nw\/o-blog\/?share=twitter\" target=\"_blank\" title=\"Clique para compartilhar no Twitter\"><span>Twitter<\/span><\/a><\/li><li class=\"share-email\"><a rel=\"nofollow noopener noreferrer\" data-shared=\"\" class=\"share-email sd-button share-icon\" href=\"http:\/\/www.ananomundo.com.br\/nw\/o-blog\/?share=email\" target=\"_blank\" title=\"Clique para enviar por e-mail a um amigo\"><span>E-mail<\/span><\/a><\/li><li class=\"share-print\"><a rel=\"nofollow noopener noreferrer\" data-shared=\"\" class=\"share-print sd-button share-icon\" href=\"http:\/\/www.ananomundo.com.br\/nw\/o-blog\/\" target=\"_blank\" title=\"Clique para imprimir\"><span>Imprimir<\/span><\/a><\/li><li class=\"share-end\"><\/li><\/ul><\/div><\/div><\/div>","protected":false},"excerpt":{"rendered":"<p>Um SITE DE VIAGENS repleto de dicas, relatos e imagens, tudo descrito de maneira informal, leve e divertida. Al\u00e9m de oferecer aos seus visitantes uma leitura agrad\u00e1vel, as dicas e relatos podem ser acessados em qualquer tempo, independente de ter sido escrito \u201cantes ou agora\u201d, pois sempre ter\u00e3o car\u00e1ter de uma leitura &#8220;atemporal&#8221; que pode [&hellip;]<\/p>\n<div class=\"sharedaddy sd-sharing-enabled\"><div class=\"robots-nocontent sd-block sd-social sd-social-icon-text sd-sharing\"><h3 class=\"sd-title\">Compartilhe isso:<\/h3><div class=\"sd-content\"><ul><li class=\"share-facebook\"><a rel=\"nofollow noopener noreferrer\" data-shared=\"sharing-facebook-1182\" class=\"share-facebook sd-button share-icon\" href=\"http:\/\/www.ananomundo.com.br\/nw\/o-blog\/?share=facebook\" target=\"_blank\" title=\"Clique para compartilhar no Facebook\"><span>Facebook<\/span><\/a><\/li><li class=\"share-twitter\"><a rel=\"nofollow noopener noreferrer\" data-shared=\"sharing-twitter-1182\" class=\"share-twitter sd-button share-icon\" href=\"http:\/\/www.ananomundo.com.br\/nw\/o-blog\/?share=twitter\" target=\"_blank\" title=\"Clique para compartilhar no Twitter\"><span>Twitter<\/span><\/a><\/li><li class=\"share-email\"><a rel=\"nofollow noopener noreferrer\" data-shared=\"\" class=\"share-email sd-button share-icon\" href=\"http:\/\/www.ananomundo.com.br\/nw\/o-blog\/?share=email\" target=\"_blank\" title=\"Clique para enviar por e-mail a um amigo\"><span>E-mail<\/span><\/a><\/li><li class=\"share-print\"><a rel=\"nofollow noopener noreferrer\" data-shared=\"\" class=\"share-print sd-button share-icon\" href=\"http:\/\/www.ananomundo.com.br\/nw\/o-blog\/\" target=\"_blank\" title=\"Clique para imprimir\"><span>Imprimir<\/span><\/a><\/li><li class=\"share-end\"><\/li><\/ul><\/div><\/div><\/div>","protected":false},"author":2,"featured_media":0,"parent":0,"menu_order":0,"comment_status":"open","ping_status":"open","template":"","meta":{"spay_email":""},"tags":[],"jetpack_sharing_enabled":true,"jetpack_shortlink":"https:\/\/wp.me\/P95hZM-j4","jetpack-related-posts":[],"jetpack_likes_enabled":true,"_links":{"self":[{"href":"http:\/\/www.ananomundo.com.br\/nw\/wp-json\/wp\/v2\/pages\/1182"}],"collection":[{"href":"http:\/\/www.ananomundo.com.br\/nw\/wp-json\/wp\/v2\/pages"}],"about":[{"href":"http:\/\/www.ananomundo.com.br\/nw\/wp-json\/wp\/v2\/types\/page"}],"author":[{"embeddable":true,"href":"http:\/\/www.ananomundo.com.br\/nw\/wp-json\/wp\/v2\/users\/2"}],"replies":[{"embeddable":true,"href":"http:\/\/www.ananomundo.com.br\/nw\/wp-json\/wp\/v2\/comments?post=1182"}],"version-history":[{"count":4,"href":"http:\/\/www.ananomundo.com.br\/nw\/wp-json\/wp\/v2\/pages\/1182\/revisions"}],"predecessor-version":[{"id":1263,"href":"http:\/\/www.ananomundo.com.br\/nw\/wp-json\/wp\/v2\/pages\/1182\/revisions\/1263"}],"wp:attachment":[{"href":"http:\/\/www.ananomundo.com.br\/nw\/wp-json\/wp\/v2\/media?parent=1182"}],"wp:term":[{"taxonomy":"post_tag","embeddable":true,"href":"http:\/\/www.ananomundo.com.br\/nw\/wp-json\/wp\/v2\/tags?post=1182"}],"curies":[{"name":"wp","href":"https:\/\/api.w.org\/{rel}","templated":true}]}}