

{"id":7144,"date":"2016-06-23T13:03:38","date_gmt":"2016-06-23T13:03:38","guid":{"rendered":"http:\/\/www.ananomundo.com.br\/nw\/?page_id=7144"},"modified":"2016-07-07T20:43:47","modified_gmt":"2016-07-07T20:43:47","slug":"%e2%80%a2-franca-%e2%80%a2","status":"publish","type":"page","link":"http:\/\/www.ananomundo.com.br\/nw\/novo-categorias\/europa\/%e2%80%a2-franca-%e2%80%a2\/","title":{"rendered":"\u2022 Fran\u00e7a \u2022"},"content":{"rendered":"<div id=\"pl-7144\"  class=\"panel-layout\" ><div id=\"pg-7144-0\"  class=\"panel-grid panel-no-style\" ><div id=\"pgc-7144-0-0\"  class=\"panel-grid-cell\" ><div id=\"panel-7144-0-0-0\" class=\"so-panel widget widget_flyncw_subcatwidget panel-first-child\" data-index=\"0\" ><h3 class=\"widget-title\">Fran\u00e7a<\/h3><ul class=\"flyn-cat-widgets\">\n\t\t<li class=\"cat-item cat-item-241\"><a href=\"http:\/\/www.ananomundo.com.br\/nw\/category\/viagens\/europa-viagens\/franca-europa-viagens\/alsacia\/\">Als\u00e1cia<\/a> (3)\n<\/li>\n\t<li class=\"cat-item cat-item-571\"><a href=\"http:\/\/www.ananomundo.com.br\/nw\/category\/viagens\/europa-viagens\/franca-europa-viagens\/arles\/\">Arles<\/a> (1)\n<\/li>\n\t<li class=\"cat-item cat-item-274\"><a href=\"http:\/\/www.ananomundo.com.br\/nw\/category\/viagens\/europa-viagens\/franca-europa-viagens\/bordeaux\/\">Bordeaux<\/a> (1)\n<\/li>\n\t<li class=\"cat-item cat-item-580\"><a href=\"http:\/\/www.ananomundo.com.br\/nw\/category\/viagens\/europa-viagens\/franca-europa-viagens\/cassis\/\">Cassis<\/a> (1)\n<\/li>\n\t<li class=\"cat-item cat-item-296\"><a href=\"http:\/\/www.ananomundo.com.br\/nw\/category\/viagens\/europa-viagens\/franca-europa-viagens\/colmar\/\">Colmar<\/a> (1)\n<\/li>\n\t<li class=\"cat-item cat-item-523\"><a href=\"http:\/\/www.ananomundo.com.br\/nw\/category\/viagens\/europa-viagens\/franca-europa-viagens\/cote-dazur\/\">C\u00f4te d&#039;Azur<\/a> (2)\n<\/li>\n\t<li class=\"cat-item cat-item-569\"><a href=\"http:\/\/www.ananomundo.com.br\/nw\/category\/viagens\/europa-viagens\/franca-europa-viagens\/marseille\/\">Marseille<\/a> (1)\n<\/li>\n\t<li class=\"cat-item cat-item-297\"><a href=\"http:\/\/www.ananomundo.com.br\/nw\/category\/viagens\/europa-viagens\/franca-europa-viagens\/obernai\/\">Obernai<\/a> (1)\n<\/li>\n\t<li class=\"cat-item cat-item-50\"><a href=\"http:\/\/www.ananomundo.com.br\/nw\/category\/viagens\/europa-viagens\/franca-europa-viagens\/paris-europa-viagens\/\">Paris<\/a> (11)\n<\/li>\n\t<li class=\"cat-item cat-item-522\"><a href=\"http:\/\/www.ananomundo.com.br\/nw\/category\/viagens\/europa-viagens\/franca-europa-viagens\/provence\/\">Provence<\/a> (7)\n<\/li>\n\t<li class=\"cat-item cat-item-305\"><a href=\"http:\/\/www.ananomundo.com.br\/nw\/category\/viagens\/europa-viagens\/franca-europa-viagens\/saint-hippolyte\/\">Saint Hippolyte<\/a> (1)\n<\/li>\n\t<li class=\"cat-item cat-item-132\"><a href=\"http:\/\/www.ananomundo.com.br\/nw\/category\/viagens\/europa-viagens\/franca-europa-viagens\/sete\/\">S\u00e8te<\/a> (1)\n<\/li>\n\t<li class=\"cat-item cat-item-170\"><a href=\"http:\/\/www.ananomundo.com.br\/nw\/category\/viagens\/europa-viagens\/franca-europa-viagens\/st-jean-pied-de-port\/\">St Jean Pied de Port<\/a> (2)\n<\/li>\n\t<li class=\"cat-item cat-item-295\"><a href=\"http:\/\/www.ananomundo.com.br\/nw\/category\/viagens\/europa-viagens\/franca-europa-viagens\/strasbourg\/\">Strasbourg<\/a> (1)\n<\/li>\n\t<li class=\"cat-item cat-item-76\"><a href=\"http:\/\/www.ananomundo.com.br\/nw\/category\/viagens\/europa-viagens\/franca-europa-viagens\/sul-da-franca\/\">Sul da Fran\u00e7a<\/a> (7)\n<\/li>\n\t<li class=\"cat-item cat-item-273\"><a href=\"http:\/\/www.ananomundo.com.br\/nw\/category\/viagens\/europa-viagens\/franca-europa-viagens\/toulouse\/\">Toulouse<\/a> (1)\n<\/li>\n<\/ul><\/div><div id=\"panel-7144-0-0-1\" class=\"so-panel widget widget_flyncw_subcatwidget panel-last-child\" data-index=\"1\" ><h3 class=\"widget-title\">VOC\u00ca NO MUNDO<\/h3><ul class=\"flyn-cat-widgets\">\n\t\t<li class=\"cat-item cat-item-369\"><a href=\"http:\/\/www.ananomundo.com.br\/nw\/category\/voce-no-mundo\/voce-no-mundo-europa\/franca\/canal-du-midi-franca\/\">Canal du Midi<\/a> (1)\n<\/li>\n<\/ul><\/div><\/div><\/div><\/div><div class=\"sharedaddy sd-sharing-enabled\"><div class=\"robots-nocontent sd-block sd-social sd-social-icon-text sd-sharing\"><h3 class=\"sd-title\">Compartilhe isso:<\/h3><div class=\"sd-content\"><ul><li class=\"share-facebook\"><a rel=\"nofollow noopener noreferrer\" data-shared=\"sharing-facebook-7144\" class=\"share-facebook sd-button share-icon\" href=\"http:\/\/www.ananomundo.com.br\/nw\/novo-categorias\/europa\/%e2%80%a2-franca-%e2%80%a2\/?share=facebook\" target=\"_blank\" title=\"Clique para compartilhar no Facebook\"><span>Facebook<\/span><\/a><\/li><li class=\"share-twitter\"><a rel=\"nofollow noopener noreferrer\" data-shared=\"sharing-twitter-7144\" class=\"share-twitter sd-button share-icon\" href=\"http:\/\/www.ananomundo.com.br\/nw\/novo-categorias\/europa\/%e2%80%a2-franca-%e2%80%a2\/?share=twitter\" target=\"_blank\" title=\"Clique para compartilhar no Twitter\"><span>Twitter<\/span><\/a><\/li><li class=\"share-email\"><a rel=\"nofollow noopener noreferrer\" data-shared=\"\" class=\"share-email sd-button share-icon\" href=\"http:\/\/www.ananomundo.com.br\/nw\/novo-categorias\/europa\/%e2%80%a2-franca-%e2%80%a2\/?share=email\" target=\"_blank\" title=\"Clique para enviar por e-mail a um amigo\"><span>E-mail<\/span><\/a><\/li><li class=\"share-print\"><a rel=\"nofollow noopener noreferrer\" data-shared=\"\" class=\"share-print sd-button share-icon\" href=\"http:\/\/www.ananomundo.com.br\/nw\/novo-categorias\/europa\/%e2%80%a2-franca-%e2%80%a2\/\" target=\"_blank\" title=\"Clique para imprimir\"><span>Imprimir<\/span><\/a><\/li><li class=\"share-end\"><\/li><\/ul><\/div><\/div><\/div>","protected":false},"excerpt":{"rendered":"<p>Fran\u00e7a Als\u00e1cia (3) Arles (1) Bordeaux (1) Cassis (1) Colmar (1) C\u00f4te d&#039;Azur (2) Marseille (1) Obernai (1) Paris (11) Provence (7) Saint Hippolyte (1) S\u00e8te (1) St Jean Pied de Port (2) Strasbourg (1) Sul da Fran\u00e7a (7) Toulouse (1) VOC\u00ca NO MUNDO Canal du Midi (1)<\/p>\n<div class=\"sharedaddy sd-sharing-enabled\"><div class=\"robots-nocontent sd-block sd-social sd-social-icon-text sd-sharing\"><h3 class=\"sd-title\">Compartilhe isso:<\/h3><div class=\"sd-content\"><ul><li class=\"share-facebook\"><a rel=\"nofollow noopener noreferrer\" data-shared=\"sharing-facebook-7144\" class=\"share-facebook sd-button share-icon\" href=\"http:\/\/www.ananomundo.com.br\/nw\/novo-categorias\/europa\/%e2%80%a2-franca-%e2%80%a2\/?share=facebook\" target=\"_blank\" title=\"Clique para compartilhar no Facebook\"><span>Facebook<\/span><\/a><\/li><li class=\"share-twitter\"><a rel=\"nofollow noopener noreferrer\" data-shared=\"sharing-twitter-7144\" class=\"share-twitter sd-button share-icon\" href=\"http:\/\/www.ananomundo.com.br\/nw\/novo-categorias\/europa\/%e2%80%a2-franca-%e2%80%a2\/?share=twitter\" target=\"_blank\" title=\"Clique para compartilhar no Twitter\"><span>Twitter<\/span><\/a><\/li><li class=\"share-email\"><a rel=\"nofollow noopener noreferrer\" data-shared=\"\" class=\"share-email sd-button share-icon\" href=\"http:\/\/www.ananomundo.com.br\/nw\/novo-categorias\/europa\/%e2%80%a2-franca-%e2%80%a2\/?share=email\" target=\"_blank\" title=\"Clique para enviar por e-mail a um amigo\"><span>E-mail<\/span><\/a><\/li><li class=\"share-print\"><a rel=\"nofollow noopener noreferrer\" data-shared=\"\" class=\"share-print sd-button share-icon\" href=\"http:\/\/www.ananomundo.com.br\/nw\/novo-categorias\/europa\/%e2%80%a2-franca-%e2%80%a2\/\" target=\"_blank\" title=\"Clique para imprimir\"><span>Imprimir<\/span><\/a><\/li><li class=\"share-end\"><\/li><\/ul><\/div><\/div><\/div>","protected":false},"author":2,"featured_media":0,"parent":7132,"menu_order":0,"comment_status":"closed","ping_status":"closed","template":"","meta":{"spay_email":""},"tags":[],"jetpack_sharing_enabled":true,"jetpack_shortlink":"https:\/\/wp.me\/P95hZM-1Re","jetpack-related-posts":[],"jetpack_likes_enabled":true,"_links":{"self":[{"href":"http:\/\/www.ananomundo.com.br\/nw\/wp-json\/wp\/v2\/pages\/7144"}],"collection":[{"href":"http:\/\/www.ananomundo.com.br\/nw\/wp-json\/wp\/v2\/pages"}],"about":[{"href":"http:\/\/www.ananomundo.com.br\/nw\/wp-json\/wp\/v2\/types\/page"}],"author":[{"embeddable":true,"href":"http:\/\/www.ananomundo.com.br\/nw\/wp-json\/wp\/v2\/users\/2"}],"replies":[{"embeddable":true,"href":"http:\/\/www.ananomundo.com.br\/nw\/wp-json\/wp\/v2\/comments?post=7144"}],"version-history":[{"count":4,"href":"http:\/\/www.ananomundo.com.br\/nw\/wp-json\/wp\/v2\/pages\/7144\/revisions"}],"predecessor-version":[{"id":7290,"href":"http:\/\/www.ananomundo.com.br\/nw\/wp-json\/wp\/v2\/pages\/7144\/revisions\/7290"}],"up":[{"embeddable":true,"href":"http:\/\/www.ananomundo.com.br\/nw\/wp-json\/wp\/v2\/pages\/7132"}],"wp:attachment":[{"href":"http:\/\/www.ananomundo.com.br\/nw\/wp-json\/wp\/v2\/media?parent=7144"}],"wp:term":[{"taxonomy":"post_tag","embeddable":true,"href":"http:\/\/www.ananomundo.com.br\/nw\/wp-json\/wp\/v2\/tags?post=7144"}],"curies":[{"name":"wp","href":"https:\/\/api.w.org\/{rel}","templated":true}]}}