

{"id":952,"date":"2013-04-08T22:10:00","date_gmt":"2013-04-08T22:10:00","guid":{"rendered":"http:\/\/www.ananomundo.com.br\/nw\/?page_id=952"},"modified":"2013-04-09T13:54:43","modified_gmt":"2013-04-09T13:54:43","slug":"madrid-dicas-para-quem-vai-passar-poucos-dias","status":"publish","type":"page","link":"http:\/\/www.ananomundo.com.br\/nw\/madrid-dicas-para-quem-vai-passar-poucos-dias\/","title":{"rendered":"Madrid: Dicas para quem vai passar poucos dias!"},"content":{"rendered":"<div>\n<p style=\"text-align: justify;\">Pelo tempo que morei em Madrid, embora fa\u00e7a anos (jejeje!), mas tamb\u00e9m por outras vezes que l\u00e1 estive, incluindo os amigos que l\u00e1 moram e me levam sempre a ver as news de Madrid, &#8220;me atrevo&#8221; a deixar algumas dicas pra quem em pouco tempo pra passar por l\u00e1! Mas, digo sempre: Madrid vale muito a pena! Se puder fique muuuuiiiiito tempo por l\u00e1!<\/p>\n<\/div>\n<div id=\"attachment_1067\" style=\"width: 360px\" class=\"wp-caption aligncenter\"><a href=\"https:\/\/i0.wp.com\/www.ananomundo.com.br\/nw\/wp-content\/uploads\/2013\/03\/6727193.jpg\" class='wp-img-bg-off' rel='mygallery'><img aria-describedby=\"caption-attachment-1067\" data-attachment-id=\"1067\" data-permalink=\"http:\/\/www.ananomundo.com.br\/nw\/madrid-dicas-para-quem-vai-passar-poucos-dias\/672719-4\/\" data-orig-file=\"https:\/\/i0.wp.com\/www.ananomundo.com.br\/nw\/wp-content\/uploads\/2013\/03\/6727193.jpg?fit=854%2C557\" data-orig-size=\"854,557\" data-comments-opened=\"1\" data-image-meta=\"{&quot;aperture&quot;:&quot;0&quot;,&quot;credit&quot;:&quot;&quot;,&quot;camera&quot;:&quot;&quot;,&quot;caption&quot;:&quot;&quot;,&quot;created_timestamp&quot;:&quot;0&quot;,&quot;copyright&quot;:&quot;&quot;,&quot;focal_length&quot;:&quot;0&quot;,&quot;iso&quot;:&quot;0&quot;,&quot;shutter_speed&quot;:&quot;0&quot;,&quot;title&quot;:&quot;&quot;}\" data-image-title=\"672719\" data-image-description=\"\" data-medium-file=\"https:\/\/i0.wp.com\/www.ananomundo.com.br\/nw\/wp-content\/uploads\/2013\/03\/6727193.jpg?fit=350%2C228\" data-large-file=\"https:\/\/i0.wp.com\/www.ananomundo.com.br\/nw\/wp-content\/uploads\/2013\/03\/6727193.jpg?fit=854%2C557\" loading=\"lazy\" class=\"size-medium wp-image-1067\" title=\"672719\" src=\"https:\/\/i0.wp.com\/www.ananomundo.com.br\/nw\/wp-content\/uploads\/2013\/03\/6727193.jpg?resize=350%2C228\" alt=\"\" width=\"350\" height=\"228\" srcset=\"https:\/\/i0.wp.com\/www.ananomundo.com.br\/nw\/wp-content\/uploads\/2013\/03\/6727193.jpg?w=350 350w, https:\/\/i0.wp.com\/www.ananomundo.com.br\/nw\/wp-content\/uploads\/2013\/03\/6727193.jpg?w=230 230w, https:\/\/i0.wp.com\/www.ananomundo.com.br\/nw\/wp-content\/uploads\/2013\/03\/6727193.jpg?w=854 854w\" sizes=\"(max-width: 350px) 100vw, 350px\" data-recalc-dims=\"1\" \/><\/a><p id=\"caption-attachment-1067\" class=\"wp-caption-text\">Plaza Cibeles<\/p><\/div>\n<h4><span style=\"color: #0000ff;\"><span style=\"text-decoration: underline;\">Dicas para Madrid<\/span> (pra quem tem pouco tempo):<\/span><\/h4>\n<h4>\u00a0<span style=\"color: #0000ff;\">Para as Noites:<\/span><\/h4>\n<h5 style=\"text-align: justify;\">\u00b7\u00a0<strong>Op\u00e7\u00e3o1<\/strong>:<\/h5>\n<p style=\"text-align: justify;\">Simplesmente andar pela ruas da \u201cmovida madrilenha\u201d e andar de bar em bar. Comece pela\u00a0<em>Plaza de Santana<\/em>\u00a0(tem a Cevejaria Alem\u00e3, que \u00e9 legal) e depois v\u00e1 descendo pela\u00a0<em>Calle Huertas<\/em>.<\/p>\n<div style=\"text-align: justify;\">\n<p>Por esses arredores sempre tem gente nas ruas e \u00e9 bem animado. Pode ir no\u00a0<a href=\"http:\/\/www.cafecentralmadrid.com\/\"><em>Caf\u00e9 Central<\/em><\/a>\u00a0(jazz) que fica perto da\u00a0<em>Plaza de Santana<\/em>\u00a0(na\u00a0<em>Plaza de Angeles<\/em>). Ou o\u00a0<a href=\"http:\/\/www.populart.es\/\"><em>Caf\u00e9 Populart<\/em><\/a>\u00a0na\u00a0<em>Calle Huerta<\/em>s. Os bares da\u00a0<em>Calle Huertas<\/em>\u00a0s\u00e3o todos legais. Sente em qualquer cal\u00e7ada de um bar que achar legal&#8230;.<\/p>\n<\/div>\n<h5 style=\"text-align: justify;\"><strong>\u00a0\u00b7 Op\u00e7\u00e3o 2<\/strong>:<\/h5>\n<p style=\"text-align: justify;\">Ir direto para a\u00a0<em>Plaza Mayor<\/em>\u00a0(\u00e9 uma &#8220;coisa mais tur\u00edstica&#8221;, mas n\u00e3o deixa ser legal, embora eu prefira a op\u00e7\u00e3o 1) e escolha um restaurante ou bar pra ficar por l\u00e1, de prefer\u00eancia do lado de fora&#8230;<\/p>\n<h5 style=\"text-align: justify;\">\u00b7<strong>Op\u00e7\u00e3o 3<\/strong>:<\/h5>\n<p style=\"text-align: justify;\">Ir jantar num bom restaurante. Exemplos:\u00a0<em><a href=\"www.botin.es\">El Sobrino del Botin<\/a>,<\/em>\u00a0\u201co mais antigo do mundo\u201d; ou\u00a0<em><a href=\"http:\/\/www.lhardy.com\">Lhardy<\/a>,\u00a0<\/em>desde 1839; etc.<\/p>\n<h5 style=\"text-align: justify;\">.<strong>Op\u00e7\u00e3o 4-<\/strong><\/h5>\n<p style=\"text-align: justify;\">Tem um bairro que nos \u00faltimos anos tem sido um &#8220;ponto alto&#8221; de Madrid:\u00a0<em>Chueca<\/em>. L\u00e1 tem bares e restaurantes mais modernos e bem charmosos.<\/p>\n<div><\/div>\n<div><\/div>\n<div><\/div>\n<div><\/div>\n<h4><span style=\"color: #0000ff;\">Durante o Dia:<\/span><\/h4>\n<div><\/div>\n<div>\n<h5 style=\"text-align: justify;\"><strong>\u00b7Op\u00e7\u00e3o 1:<\/strong><\/h5>\n<p style=\"text-align: justify;\">Andar pelo centro hist\u00f3rico de Madrid: Comece da\u00a0Puerta del Sol e v\u00e1 at\u00e9 a\u00a0Plaza Mayor\u00a0(ou vice-versa). Depois volte e pegue a\u00a0Gran Via, des\u00e7a toda a\u00a0Gran Via\u00a0at\u00e9 a\u00a0Plaza de Cibeles. L\u00e1 j\u00e1 \u00e9 o Paseo de la <a href=\"http:\/\/pt.wikipedia.org\/wiki\/Paseo_de_la_Castellana\">Castellana<\/a>, a rua que corta Madrid inteira. Ela tem tamb\u00e9m outros nomes como\u00a0Paseo del Prado\u00a0e\u00a0Paseo de Recoletas\u00a0(j\u00e1 perto dos museus).<\/p>\n<\/div>\n<div style=\"text-align: justify;\">\n<p>Atravesse a Castellana, passando pela fonte de Cibeles, que voc\u00ea chegar\u00e1 na\u00a0Puerta de Alcal\u00e1, e logo em seguida ver\u00e1 o Parque del Retiro, a direita, que vale uma visita (veja em especial o lago\/estanque onde tem barcos e um enorme monumento que \u00e9 uma obra de arte). Se n\u00e3o seguir em frente atravessando a Castellana, e sim for para a direita, encontra-se os museus do Prado e outros, como o Reina Sofia, como tamb\u00e9m a esta\u00e7\u00e3o de trem Atocha, que \u00e9 muito bonita.<\/p>\n<\/div>\n<div style=\"text-align: justify;\">\n<p>Se quiser visitar os museus, voc\u00ea ter\u00e1 que ter mais dias em Madrid, pois precisa de pelo menos um dia inteiro para cada museu, a n\u00e3o ser que voc\u00ea v\u00e1 direto ver somente as obras de sua prefer\u00eancia (j\u00e1 sabendo de antem\u00e3o o que quer ver).<\/p>\n<\/div>\n<div style=\"text-align: justify;\">\n<p><span style=\"text-decoration: underline;\">\u00b7Obs.<\/span>: Quando tiver andando pelo centro n\u00e3o deixe de entrar no<a href=\"www.museodeljamon.com\">\u00a0Museo del Jamon<\/a>, bar antiq\u00fc\u00edssimo (tem v\u00e1rios) pra tomar um vinho e comer umas \u201ctapas\u201d de presunto espanhol (jam\u00f3n serrano ou ib\u00e9rico).\u00a0\u00a0. Tamb\u00e9m tem a Casa Labra (&#8220;tapas&#8221; de bacalhau: perto do Corte Ingl\u00eas da Porta do Sol,\u00a0antiqu\u00edssima, desde 1860).<\/p>\n<\/div>\n<div style=\"text-align: justify;\">No\u00a0Parque do Retiro\u00a0tem v\u00e1rios barzinhos&#8230; Pode tamb\u00e9m ficar por l\u00e1 curtindo a paisagem e o movimento das pessoas&#8230;<\/div>\n<div style=\"text-align: justify;\"><\/div>\n<div style=\"text-align: justify;\"><\/div>\n<div style=\"text-align: justify;\"><\/div>\n<h5 style=\"text-align: justify;\"><strong>\u00a0\u00b7\u00a0Op\u00e7\u00e3o 2:<\/strong><\/h5>\n<div style=\"text-align: justify;\">Pegar um city tour, \u00f4nibus vermelho&#8230; depois almo\u00e7ar no\u00a0<a href=\" www.lavinia.es \">Lavinia<\/a>\u00a0(restaurante moderno, excelente e tb. grande adega de vinhos), na Calle Jos\u00e9 Ortega Y Gasset 16; tel.: +34 914 260 604 (melhor reservar); ou no\u00a0<a href=\"http:\/\/www.cafegijon.com\">Caf\u00e9 Gijon<\/a>\u00a0(restaurante antigo, que tem mais de 100 anos) que fica na Castellana n\u00e3o muito longe da fonte de Cibeles.\u00a0No ver\u00e3o voc\u00ea pode ficar nas terra\u00e7as do Caf\u00e9 Gij\u00f3n, mas de toda forma dentro \u00e9 um charme!<\/div>\n<div style=\"text-align: justify;\"><\/div>\n<div style=\"text-align: justify;\"><\/div>\n<div style=\"text-align: justify;\"><\/div>\n<div style=\"text-align: justify;\">\n<h5><strong>\u00a0\u00b7\u00a0Op\u00e7\u00e3o 3:<\/strong><\/h5>\n<p>Andar pelo centro hist\u00f3rico de Madrid, mas ao contr\u00e1rio do item 1, em vez de ir pela\u00a0Gran Via\u00a0at\u00e9 a\u00a0Castellana, ir para o lado contr\u00e1rio e chegar no\u00a0Pal\u00e1cio Real. De toda forma passar tamb\u00e9m pela\u00a0Puerta del Sol\u00a0e\u00a0Plaza Mayor.<\/p>\n<\/div>\n<div style=\"text-align: justify;\"><span style=\"text-decoration: underline;\">\u00b7Obs<\/span>. Se chegar em Madrid num s\u00e1bado ou domingo, n\u00e3o deixe de ir no bairro\u00a0La Latina\u00a0(ap\u00f3s meio-dia, mas de prefer\u00eancia ainda a tarde). L\u00e1 , ver\u00e3o uma enorme quantidade de gente se divertindo e \u00a0poder\u00e3o fazer o mesmo indo de bar em bar, tomar um vinho aqui, outro acol\u00e1, com os tira-gostos madrilenhos, ou seja \u201ctapas\u201d. Tem um bar legal chamado &#8220;Juana La Loca&#8221;, que vale a pena conferir, entre tantos outros&#8230;<\/div>\n<div><\/div>\n<h4>\u00a0<span style=\"color: #0000ff;\"><strong>Hot\u00e9is:<\/strong><\/span><\/h4>\n<h5>1)<\/h5>\n<div style=\"text-align: justify;\">\u00a0\u00b7 Quem quiser um hotel mais sofisticado v\u00e1 ao\u00a0<a href=\"http:\/\/www.hotelhusaprincesa.com\/\"><strong>Husa Hotel<\/strong><\/a>, 5 estrelas, que fica na <em>Calle Princesa<\/em>, perto da Plaza Espanha, \u00e9 bem central, mas temos que andar uns 10 min. at\u00e9 chegar ao centro propriamente dito, ou seja na<em> Puerta del Sol<\/em>.<\/div>\n<div style=\"text-align: justify;\"><\/div>\n<div style=\"text-align: justify;\"><\/div>\n<h5 style=\"text-align: justify;\">\u00a02)<\/h5>\n<div style=\"text-align: justify;\">\u00a0\u00b7 Quem quiser algo mais simples fique no\u00a0<a href=\"http:\/\/www.hostalpersal.com\"><strong>Hostal Persal<\/strong><\/a>, tipo uma pousada, mas super limpo, com caf\u00e9 da manh\u00e3 razo\u00e1vel, e mais bem localizado do que o Husa. Fica bem no meio de tudo. D\u00e1 pra andar a p\u00e9 pra os principais pontos tur\u00edsticos. Vizinho ao Caf\u00e9 Central (jazz) e a &#8220;um pulo&#8221; da Plaza de Santana! Pert\u00edssimo tamb\u00e9m da <em>Puerta del Sol<\/em>! \u00c9 s\u00f3 pedir os quartos com varandas, porque s\u00e3o bem melhores e mais charmosinhos! Os do \u201cfundo\u201d s\u00e3o meio ruins porque n\u00e3o tem janelas (s\u00f3 bem pequenas) e parecem menos aconchegantes, mas d\u00e1 pra ficar.<\/div>\n<div style=\"text-align: justify;\"><\/div>\n<h5 style=\"text-align: justify;\">3)<\/h5>\n<div>\n<p style=\"text-align: justify;\">Tem mil\u00a0<strong>outras op\u00e7\u00f5es de hot\u00e9is<\/strong>, veja na internet&#8230; Sugiro que consulte sempre o\u00a0<em>Trip Advisor<\/em>\u00a0para ver opini\u00f5es de outros h\u00f3spedes! Sendo perto da\u00a0<em>Puerta do Sol<\/em>\u00a0ou da<em>\u00a0Plaza Espanha<\/em>,\u00a0<em>Plaza de Santana<\/em>, s\u00e3o centrais. De toda forma, o <a href=\"http:\/\/www.metromadrid.es\">metr\u00f4<\/a> de Madrid \u00e9 \u00f3timo!<\/p>\n<\/div>\n<p><a href=\"https:\/\/i1.wp.com\/www.ananomundo.com.br\/nw\/wp-content\/uploads\/2013\/03\/right_infraestructuras.jpg\" class='wp-img-bg-off' rel='mygallery'><img loading=\"lazy\" class=\"aligncenter\" title=\"right_infraestructuras\" src=\"https:\/\/i1.wp.com\/www.ananomundo.com.br\/nw\/wp-content\/uploads\/2013\/03\/right_infraestructuras.jpg?resize=160%2C120\" alt=\"\" width=\"160\" height=\"120\" data-recalc-dims=\"1\" \/><\/a><\/p>\n<div><\/div>\n<div>\n<h4><strong><span style=\"color: #0000ff;\">Restaurantes e bares<\/span> (um resumo):<\/strong><\/h4>\n<\/div>\n<div style=\"text-align: justify;\">\u00a01)\u00a0<strong>Bares na Plaza de Santana<\/strong>\u00a0(tem a Cevejaria Alem\u00e3, que \u00e9 legal), na\u00a0<strong>Calle Huertas<\/strong>\u00a0(a maioria \u00e9 legal, v\u00e1 caminhando por l\u00e1 e fa\u00e7a sua escolha), na\u00a0<strong>Plaza Mayo<\/strong>r (\u00e9 um ponto um tanto tur\u00edstico e por isso as comidas n\u00e3o s\u00e3o &#8220;excelentes&#8221; mas pra tomar um vinho, um chopinho e comer uns petiscos, \u00e9 bem agrad\u00e1vel ficar em algum dos bares por l\u00e1) e no\u00a0<em>Parque del Retiro<\/em>\u00a0(s\u00e3o quiosques, mas tamb\u00e9m \u00e9 interessante tomar algum drink e ficar &#8220;vendo o tempo passar&#8221;).<\/div>\n<div style=\"text-align: justify;\"><\/div>\n<div style=\"text-align: justify;\"><em>2)\u00a0<strong>Bares com Jazz<\/strong>:<\/em>\u00a0<em>Caf\u00e9 Central<\/em>\u00a0perto da Plaza de Santana (na Plaza de Angeles) e\u00a0<em>Caf\u00e9 Populart\u00a0<\/em>na Calle Huertas.<\/div>\n<div style=\"text-align: justify;\"><\/div>\n<div style=\"text-align: justify;\">3)\u00a0<strong>Restaurantes<\/strong>:\u00a0<a href=\"www.botin.es\"><em>El Sobrino del Botin<\/em><\/a>\u00a0 \u201co mais antigo do mundo\u201d; <a href=\"http:\/\/www.lhardy.com\">Lhardy<\/a>\u00a0(antigo e legal),\u00a0<a href=\"www.lavinia.es\"><em>Lav\u00ednia<\/em><\/a>\u00a0(moderno e tamb\u00e9m grande adega de vinhos );\u00a0<a href=\"http:\/\/www.cafegijon.com\"><em>Caf\u00e9 Gijon<\/em><\/a>\u00a0(antigo, tem mais de 100 anos)<\/div>\n<div><\/div>\n<div style=\"text-align: justify;\">4)\u00a0<strong>Para petiscar<\/strong>\u00a0(t\u00edpicos):\u00a0<a href=\"http:\/\/www.museodeljamon.com\"><em>Museo del Jamon<\/em><\/a>\u00a0(tem v\u00e1rios);\u00a0<a href=\"http:\/\/www.casalabra.es\"><em>Casa Labra<\/em><\/a>\u00a0(desde 1860)<\/div>\n<div><\/div>\n<div style=\"text-align: justify;\">5)\u00a0<strong>Bares no bairro\u00a0<em>La Latin<\/em><\/strong><em>a<\/em>\u00a0(v\u00e1rios, quase todos muito bons, por ex.:\u00a0<em><a href=\"https:\/\/www.facebook.com\/pages\/Juana-La-Loca\/171836332846912\">Juana La Loca<\/a><\/em>)<\/div>\n<div style=\"text-align: justify;\"><\/div>\n<div style=\"text-align: justify;\">6)\u00a0<strong>\u00a0Bares em Chueca-<\/strong>\u00a0V\u00e1rios bares e restaurantes, tamb\u00e9m muitas lojas mais\u00a0<em>fashions<\/em>.<\/div>\n<div><\/div>\n<p style=\"text-align: justify;\">Para saber mais, visite\u00a0<a href=\"http:\/\/www.descubremadrid.com\">www.descubremadrid.com<\/a><\/p>\n<div>\n<p>&nbsp;<\/p>\n<\/div>\n<p>&nbsp;<\/p>\n<div style=\"display: none;\"\n    class=\"kk-star-ratings kksr-valign-bottom kksr-align-right kksr-disabled\"\n    data-id=\"952\"\n    data-slug=\"\">\n    <div class=\"kksr-stars\">\n    <div class=\"kksr-stars-inactive\">\n            <div class=\"kksr-star\" data-star=\"1\">\n            <div class=\"kksr-icon\" style=\"width: px; height: px;\"><\/div>\n        <\/div>\n            <div class=\"kksr-star\" data-star=\"2\">\n            <div class=\"kksr-icon\" style=\"width: px; height: px;\"><\/div>\n        <\/div>\n            <div class=\"kksr-star\" data-star=\"3\">\n            <div class=\"kksr-icon\" style=\"width: px; height: px;\"><\/div>\n        <\/div>\n            <div class=\"kksr-star\" data-star=\"4\">\n            <div class=\"kksr-icon\" style=\"width: px; height: px;\"><\/div>\n        <\/div>\n            <div class=\"kksr-star\" data-star=\"5\">\n            <div class=\"kksr-icon\" style=\"width: px; height: px;\"><\/div>\n        <\/div>\n    <\/div>\n    <div class=\"kksr-stars-active\" style=\"width: 0px;\">\n            <div class=\"kksr-star\">\n            <div class=\"kksr-icon\" style=\"width: px; height: px;\"><\/div>\n        <\/div>\n            <div class=\"kksr-star\">\n            <div class=\"kksr-icon\" style=\"width: px; height: px;\"><\/div>\n        <\/div>\n            <div class=\"kksr-star\">\n            <div class=\"kksr-icon\" style=\"width: px; height: px;\"><\/div>\n        <\/div>\n            <div class=\"kksr-star\">\n            <div class=\"kksr-icon\" style=\"width: px; height: px;\"><\/div>\n        <\/div>\n            <div class=\"kksr-star\">\n            <div class=\"kksr-icon\" style=\"width: px; height: px;\"><\/div>\n        <\/div>\n    <\/div>\n<\/div>\n    <div class=\"kksr-legend\">\n            <span class=\"kksr-muted\"><\/span>\n    <\/div>\n<\/div>\n<div class=\"sharedaddy sd-sharing-enabled\"><div class=\"robots-nocontent sd-block sd-social sd-social-icon-text sd-sharing\"><h3 class=\"sd-title\">Compartilhe isso:<\/h3><div class=\"sd-content\"><ul><li class=\"share-facebook\"><a rel=\"nofollow noopener noreferrer\" data-shared=\"sharing-facebook-952\" class=\"share-facebook sd-button share-icon\" href=\"http:\/\/www.ananomundo.com.br\/nw\/madrid-dicas-para-quem-vai-passar-poucos-dias\/?share=facebook\" target=\"_blank\" title=\"Clique para compartilhar no Facebook\"><span>Facebook<\/span><\/a><\/li><li class=\"share-twitter\"><a rel=\"nofollow noopener noreferrer\" data-shared=\"sharing-twitter-952\" class=\"share-twitter sd-button share-icon\" href=\"http:\/\/www.ananomundo.com.br\/nw\/madrid-dicas-para-quem-vai-passar-poucos-dias\/?share=twitter\" target=\"_blank\" title=\"Clique para compartilhar no Twitter\"><span>Twitter<\/span><\/a><\/li><li class=\"share-email\"><a rel=\"nofollow noopener noreferrer\" data-shared=\"\" class=\"share-email sd-button share-icon\" href=\"http:\/\/www.ananomundo.com.br\/nw\/madrid-dicas-para-quem-vai-passar-poucos-dias\/?share=email\" target=\"_blank\" title=\"Clique para enviar por e-mail a um amigo\"><span>E-mail<\/span><\/a><\/li><li class=\"share-print\"><a rel=\"nofollow noopener noreferrer\" data-shared=\"\" class=\"share-print sd-button share-icon\" href=\"http:\/\/www.ananomundo.com.br\/nw\/madrid-dicas-para-quem-vai-passar-poucos-dias\/\" target=\"_blank\" title=\"Clique para imprimir\"><span>Imprimir<\/span><\/a><\/li><li class=\"share-end\"><\/li><\/ul><\/div><\/div><\/div>","protected":false},"excerpt":{"rendered":"<p>Pelo tempo que morei em Madrid, embora fa\u00e7a anos (jejeje!), mas tamb\u00e9m por outras vezes que l\u00e1 estive, incluindo os amigos que l\u00e1 moram e me levam sempre a ver as news de Madrid, &#8220;me atrevo&#8221; a deixar algumas dicas pra quem em pouco tempo pra passar por l\u00e1! Mas, digo sempre: Madrid vale muito [&hellip;]<\/p>\n<div class=\"sharedaddy sd-sharing-enabled\"><div class=\"robots-nocontent sd-block sd-social sd-social-icon-text sd-sharing\"><h3 class=\"sd-title\">Compartilhe isso:<\/h3><div class=\"sd-content\"><ul><li class=\"share-facebook\"><a rel=\"nofollow noopener noreferrer\" data-shared=\"sharing-facebook-952\" class=\"share-facebook sd-button share-icon\" href=\"http:\/\/www.ananomundo.com.br\/nw\/madrid-dicas-para-quem-vai-passar-poucos-dias\/?share=facebook\" target=\"_blank\" title=\"Clique para compartilhar no Facebook\"><span>Facebook<\/span><\/a><\/li><li class=\"share-twitter\"><a rel=\"nofollow noopener noreferrer\" data-shared=\"sharing-twitter-952\" class=\"share-twitter sd-button share-icon\" href=\"http:\/\/www.ananomundo.com.br\/nw\/madrid-dicas-para-quem-vai-passar-poucos-dias\/?share=twitter\" target=\"_blank\" title=\"Clique para compartilhar no Twitter\"><span>Twitter<\/span><\/a><\/li><li class=\"share-email\"><a rel=\"nofollow noopener noreferrer\" data-shared=\"\" class=\"share-email sd-button share-icon\" href=\"http:\/\/www.ananomundo.com.br\/nw\/madrid-dicas-para-quem-vai-passar-poucos-dias\/?share=email\" target=\"_blank\" title=\"Clique para enviar por e-mail a um amigo\"><span>E-mail<\/span><\/a><\/li><li class=\"share-print\"><a rel=\"nofollow noopener noreferrer\" data-shared=\"\" class=\"share-print sd-button share-icon\" href=\"http:\/\/www.ananomundo.com.br\/nw\/madrid-dicas-para-quem-vai-passar-poucos-dias\/\" target=\"_blank\" title=\"Clique para imprimir\"><span>Imprimir<\/span><\/a><\/li><li class=\"share-end\"><\/li><\/ul><\/div><\/div><\/div>","protected":false},"author":2,"featured_media":1067,"parent":0,"menu_order":0,"comment_status":"open","ping_status":"open","template":"","meta":{"spay_email":""},"tags":[92,386,382,387],"jetpack_sharing_enabled":true,"jetpack_shortlink":"https:\/\/wp.me\/P95hZM-fm","jetpack-related-posts":[],"jetpack_likes_enabled":true,"_links":{"self":[{"href":"http:\/\/www.ananomundo.com.br\/nw\/wp-json\/wp\/v2\/pages\/952"}],"collection":[{"href":"http:\/\/www.ananomundo.com.br\/nw\/wp-json\/wp\/v2\/pages"}],"about":[{"href":"http:\/\/www.ananomundo.com.br\/nw\/wp-json\/wp\/v2\/types\/page"}],"author":[{"embeddable":true,"href":"http:\/\/www.ananomundo.com.br\/nw\/wp-json\/wp\/v2\/users\/2"}],"replies":[{"embeddable":true,"href":"http:\/\/www.ananomundo.com.br\/nw\/wp-json\/wp\/v2\/comments?post=952"}],"version-history":[{"count":9,"href":"http:\/\/www.ananomundo.com.br\/nw\/wp-json\/wp\/v2\/pages\/952\/revisions"}],"predecessor-version":[{"id":1345,"href":"http:\/\/www.ananomundo.com.br\/nw\/wp-json\/wp\/v2\/pages\/952\/revisions\/1345"}],"wp:featuredmedia":[{"embeddable":true,"href":"http:\/\/www.ananomundo.com.br\/nw\/wp-json\/wp\/v2\/media\/1067"}],"wp:attachment":[{"href":"http:\/\/www.ananomundo.com.br\/nw\/wp-json\/wp\/v2\/media?parent=952"}],"wp:term":[{"taxonomy":"post_tag","embeddable":true,"href":"http:\/\/www.ananomundo.com.br\/nw\/wp-json\/wp\/v2\/tags?post=952"}],"curies":[{"name":"wp","href":"https:\/\/api.w.org\/{rel}","templated":true}]}}