

{"id":966,"date":"2013-03-27T11:38:10","date_gmt":"2013-03-27T11:38:10","guid":{"rendered":"http:\/\/www.ananomundo.com.br\/nw\/?page_id=966"},"modified":"2018-05-18T22:06:46","modified_gmt":"2018-05-18T22:06:46","slug":"quem-sou-eu","status":"publish","type":"page","link":"http:\/\/www.ananomundo.com.br\/nw\/quem-sou-eu\/","title":{"rendered":"Quem somos"},"content":{"rendered":"<p><img data-attachment-id=\"9196\" data-permalink=\"http:\/\/www.ananomundo.com.br\/nw\/quem-sou-eu\/anaperfil-230x150\/\" data-orig-file=\"https:\/\/i2.wp.com\/www.ananomundo.com.br\/nw\/wp-content\/uploads\/2018\/05\/anaperfil-230x150.jpg?fit=230%2C150\" data-orig-size=\"230,150\" data-comments-opened=\"1\" data-image-meta=\"{&quot;aperture&quot;:&quot;0&quot;,&quot;credit&quot;:&quot;&quot;,&quot;camera&quot;:&quot;&quot;,&quot;caption&quot;:&quot;&quot;,&quot;created_timestamp&quot;:&quot;0&quot;,&quot;copyright&quot;:&quot;&quot;,&quot;focal_length&quot;:&quot;0&quot;,&quot;iso&quot;:&quot;0&quot;,&quot;shutter_speed&quot;:&quot;0&quot;,&quot;title&quot;:&quot;&quot;,&quot;orientation&quot;:&quot;0&quot;}\" data-image-title=\"Ana C\u00e9lia\" data-image-description=\"\" data-medium-file=\"https:\/\/i2.wp.com\/www.ananomundo.com.br\/nw\/wp-content\/uploads\/2018\/05\/anaperfil-230x150.jpg?fit=230%2C150\" data-large-file=\"https:\/\/i2.wp.com\/www.ananomundo.com.br\/nw\/wp-content\/uploads\/2018\/05\/anaperfil-230x150.jpg?fit=230%2C150\" loading=\"lazy\" class=\"size-full wp-image-9196 alignleft\" src=\"https:\/\/i2.wp.com\/www.ananomundo.com.br\/nw\/wp-content\/uploads\/2018\/05\/anaperfil-230x150.jpg?resize=230%2C150\" alt=\"\" width=\"230\" height=\"150\" data-recalc-dims=\"1\" \/><\/p>\n<p style=\"text-align: justify;\"><strong>Ana C\u00e9lia Cavalcanti\u00a0<\/strong><br \/>\nEscrevo sobre viagens por hobby.<\/p>\n<p>Comecei a escrever sobre as minhas viagens em 2009, ap\u00f3s ter feito um trecho do Caminho de Santiago. Essa viagem se transformou em um livro (P\u00e9s no Caminho, Campo de Estrelas). Depois, passei a escrever no blog ananomundo, e ainda publiquei outro livro de cr\u00f4nicas (Cr\u00f4nicas de Nova York).<\/p>\n<p>Sempre quis escrever sobre minhas viagens, por\u00e9m n\u00e3o tinha tempo. Como professora da UFRN, escrevia sim, mas artigos cient\u00edficos em revistas especializadas, anais de congressos e cap\u00edtulos de livros. Em 2010 me aposentei da Universidade, e embora ainda tenha ficado ainda prestando consultorias, tive mais tempo e passei a intensificar meus escritos no blog.<\/p>\n<p>Como professora e pesquisadora ia muito \u00e0 congressos pelo mundo, o que acelerou mais ainda minha paix\u00e3o por viagens.\u00a0Realizei estudos, visitas t\u00e9cnicas e cursos na Inglaterra, Esc\u00f3cia, Fran\u00e7a, B\u00e9lgica e Espanha. Ministrei palestras, apresentei e publiquei trabalhos cient\u00edficos em congressos no Brasil e em diversos pa\u00edses da Am\u00e9rica do Sul, Caribe, Am\u00e9rica do Norte e Europa.\u00a0Fiz doutorado em Madrid e mestrado na UFSC, Florian\u00f3polis (em Engenharia de Produ\u00e7\u00e3o).<\/p>\n<p>Mas, minha paix\u00e3o por viajar come\u00e7ou ainda crian\u00e7a com meus pais que me levaram a conhecer o Brasil quase inteiro e um pouco da Am\u00e9rica do Sul! E assim continuo, pensando em viajar e viajando sempre!<\/p>\n<p><a href=\"http:\/\/www.ananomundo.com.br\/nw\/quem-sou-eu\/ananomundo-ananomundo.blogspot.com.br\">Blog anterior;\u00a0<\/a>instagram @ananomundo<\/p>\n<p>__________________________________________________________________<\/p>\n<p style=\"text-align: justify;\"><strong><img data-attachment-id=\"9195\" data-permalink=\"http:\/\/www.ananomundo.com.br\/nw\/quem-sou-eu\/zenaide\/\" data-orig-file=\"https:\/\/i0.wp.com\/www.ananomundo.com.br\/nw\/wp-content\/uploads\/2018\/05\/zenaide.jpg?fit=230%2C150\" data-orig-size=\"230,150\" data-comments-opened=\"1\" data-image-meta=\"{&quot;aperture&quot;:&quot;0&quot;,&quot;credit&quot;:&quot;&quot;,&quot;camera&quot;:&quot;&quot;,&quot;caption&quot;:&quot;&quot;,&quot;created_timestamp&quot;:&quot;0&quot;,&quot;copyright&quot;:&quot;&quot;,&quot;focal_length&quot;:&quot;0&quot;,&quot;iso&quot;:&quot;0&quot;,&quot;shutter_speed&quot;:&quot;0&quot;,&quot;title&quot;:&quot;&quot;,&quot;orientation&quot;:&quot;0&quot;}\" data-image-title=\"Zenaide\" data-image-description=\"\" data-medium-file=\"https:\/\/i0.wp.com\/www.ananomundo.com.br\/nw\/wp-content\/uploads\/2018\/05\/zenaide.jpg?fit=230%2C150\" data-large-file=\"https:\/\/i0.wp.com\/www.ananomundo.com.br\/nw\/wp-content\/uploads\/2018\/05\/zenaide.jpg?fit=230%2C150\" loading=\"lazy\" class=\"size-full wp-image-9195 alignleft\" src=\"https:\/\/i0.wp.com\/www.ananomundo.com.br\/nw\/wp-content\/uploads\/2018\/05\/zenaide.jpg?resize=230%2C150\" alt=\"\" width=\"230\" height=\"150\" data-recalc-dims=\"1\" \/><\/strong><\/p>\n<p style=\"text-align: justify;\"><strong>Zenaide Ara\u00fajo\u00a0<\/strong><br \/>\nEu sou natalense, casada, tenho 3 filhos e 1 neto. Sou engenheira civil com mestrado e doutorado em engenharia mec\u00e2nica e hoje professora aposentada do Departamento de Engenharia Mec\u00e2nica da UFRN. O sonho de viajar, a muitos anos deixado de lado, aflorou com a aposentadoria em 2009 e, de l\u00e1 pra c\u00e1, um novo horizonte se descortinou para mim! Para documentar adequadamente as minhas viagens, comecei a me interessar pela fotografia e ela se tornou um hobby ador\u00e1vel. E, por que n\u00e3o juntar um texto \u00e0s fotos que fa\u00e7o durante as viagens? E \u00e9 isso que estou fazendo agora!<\/p>\n<p><span style=\"color: #333333;\">\u00a0<\/span><\/p>\n<p>&nbsp;<\/p>\n<div style=\"display: none;\"\n    class=\"kk-star-ratings kksr-valign-bottom kksr-align-right kksr-disabled\"\n    data-id=\"966\"\n    data-slug=\"\">\n    <div class=\"kksr-stars\">\n    <div class=\"kksr-stars-inactive\">\n            <div class=\"kksr-star\" data-star=\"1\">\n            <div class=\"kksr-icon\" style=\"width: px; height: px;\"><\/div>\n        <\/div>\n            <div class=\"kksr-star\" data-star=\"2\">\n            <div class=\"kksr-icon\" style=\"width: px; height: px;\"><\/div>\n        <\/div>\n            <div class=\"kksr-star\" data-star=\"3\">\n            <div class=\"kksr-icon\" style=\"width: px; height: px;\"><\/div>\n        <\/div>\n            <div class=\"kksr-star\" data-star=\"4\">\n            <div class=\"kksr-icon\" style=\"width: px; height: px;\"><\/div>\n        <\/div>\n            <div class=\"kksr-star\" data-star=\"5\">\n            <div class=\"kksr-icon\" style=\"width: px; height: px;\"><\/div>\n        <\/div>\n    <\/div>\n    <div class=\"kksr-stars-active\" style=\"width: 0px;\">\n            <div class=\"kksr-star\">\n            <div class=\"kksr-icon\" style=\"width: px; height: px;\"><\/div>\n        <\/div>\n            <div class=\"kksr-star\">\n            <div class=\"kksr-icon\" style=\"width: px; height: px;\"><\/div>\n        <\/div>\n            <div class=\"kksr-star\">\n            <div class=\"kksr-icon\" style=\"width: px; height: px;\"><\/div>\n        <\/div>\n            <div class=\"kksr-star\">\n            <div class=\"kksr-icon\" style=\"width: px; height: px;\"><\/div>\n        <\/div>\n            <div class=\"kksr-star\">\n            <div class=\"kksr-icon\" style=\"width: px; height: px;\"><\/div>\n        <\/div>\n    <\/div>\n<\/div>\n    <div class=\"kksr-legend\">\n            <span class=\"kksr-muted\"><\/span>\n    <\/div>\n<\/div>\n<div class=\"sharedaddy sd-sharing-enabled\"><div class=\"robots-nocontent sd-block sd-social sd-social-icon-text sd-sharing\"><h3 class=\"sd-title\">Compartilhe isso:<\/h3><div class=\"sd-content\"><ul><li class=\"share-facebook\"><a rel=\"nofollow noopener noreferrer\" data-shared=\"sharing-facebook-966\" class=\"share-facebook sd-button share-icon\" href=\"http:\/\/www.ananomundo.com.br\/nw\/quem-sou-eu\/?share=facebook\" target=\"_blank\" title=\"Clique para compartilhar no Facebook\"><span>Facebook<\/span><\/a><\/li><li class=\"share-twitter\"><a rel=\"nofollow noopener noreferrer\" data-shared=\"sharing-twitter-966\" class=\"share-twitter sd-button share-icon\" href=\"http:\/\/www.ananomundo.com.br\/nw\/quem-sou-eu\/?share=twitter\" target=\"_blank\" title=\"Clique para compartilhar no Twitter\"><span>Twitter<\/span><\/a><\/li><li class=\"share-email\"><a rel=\"nofollow noopener noreferrer\" data-shared=\"\" class=\"share-email sd-button share-icon\" href=\"http:\/\/www.ananomundo.com.br\/nw\/quem-sou-eu\/?share=email\" target=\"_blank\" title=\"Clique para enviar por e-mail a um amigo\"><span>E-mail<\/span><\/a><\/li><li class=\"share-print\"><a rel=\"nofollow noopener noreferrer\" data-shared=\"\" class=\"share-print sd-button share-icon\" href=\"http:\/\/www.ananomundo.com.br\/nw\/quem-sou-eu\/\" target=\"_blank\" title=\"Clique para imprimir\"><span>Imprimir<\/span><\/a><\/li><li class=\"share-end\"><\/li><\/ul><\/div><\/div><\/div>","protected":false},"excerpt":{"rendered":"<p>Ana C\u00e9lia Cavalcanti\u00a0 Escrevo sobre viagens por hobby. Comecei a escrever sobre as minhas viagens em 2009, ap\u00f3s ter feito um trecho do Caminho de Santiago. Essa viagem se transformou em um livro (P\u00e9s no Caminho, Campo de Estrelas). Depois, passei a escrever no blog ananomundo, e ainda publiquei outro livro de cr\u00f4nicas (Cr\u00f4nicas de [&hellip;]<\/p>\n<div class=\"sharedaddy sd-sharing-enabled\"><div class=\"robots-nocontent sd-block sd-social sd-social-icon-text sd-sharing\"><h3 class=\"sd-title\">Compartilhe isso:<\/h3><div class=\"sd-content\"><ul><li class=\"share-facebook\"><a rel=\"nofollow noopener noreferrer\" data-shared=\"sharing-facebook-966\" class=\"share-facebook sd-button share-icon\" href=\"http:\/\/www.ananomundo.com.br\/nw\/quem-sou-eu\/?share=facebook\" target=\"_blank\" title=\"Clique para compartilhar no Facebook\"><span>Facebook<\/span><\/a><\/li><li class=\"share-twitter\"><a rel=\"nofollow noopener noreferrer\" data-shared=\"sharing-twitter-966\" class=\"share-twitter sd-button share-icon\" href=\"http:\/\/www.ananomundo.com.br\/nw\/quem-sou-eu\/?share=twitter\" target=\"_blank\" title=\"Clique para compartilhar no Twitter\"><span>Twitter<\/span><\/a><\/li><li class=\"share-email\"><a rel=\"nofollow noopener noreferrer\" data-shared=\"\" class=\"share-email sd-button share-icon\" href=\"http:\/\/www.ananomundo.com.br\/nw\/quem-sou-eu\/?share=email\" target=\"_blank\" title=\"Clique para enviar por e-mail a um amigo\"><span>E-mail<\/span><\/a><\/li><li class=\"share-print\"><a rel=\"nofollow noopener noreferrer\" data-shared=\"\" class=\"share-print sd-button share-icon\" href=\"http:\/\/www.ananomundo.com.br\/nw\/quem-sou-eu\/\" target=\"_blank\" title=\"Clique para imprimir\"><span>Imprimir<\/span><\/a><\/li><li class=\"share-end\"><\/li><\/ul><\/div><\/div><\/div>","protected":false},"author":3,"featured_media":1086,"parent":0,"menu_order":0,"comment_status":"open","ping_status":"open","template":"","meta":{"spay_email":""},"tags":[],"jetpack_sharing_enabled":true,"jetpack_shortlink":"https:\/\/wp.me\/P95hZM-fA","jetpack-related-posts":[],"jetpack_likes_enabled":true,"_links":{"self":[{"href":"http:\/\/www.ananomundo.com.br\/nw\/wp-json\/wp\/v2\/pages\/966"}],"collection":[{"href":"http:\/\/www.ananomundo.com.br\/nw\/wp-json\/wp\/v2\/pages"}],"about":[{"href":"http:\/\/www.ananomundo.com.br\/nw\/wp-json\/wp\/v2\/types\/page"}],"author":[{"embeddable":true,"href":"http:\/\/www.ananomundo.com.br\/nw\/wp-json\/wp\/v2\/users\/3"}],"replies":[{"embeddable":true,"href":"http:\/\/www.ananomundo.com.br\/nw\/wp-json\/wp\/v2\/comments?post=966"}],"version-history":[{"count":22,"href":"http:\/\/www.ananomundo.com.br\/nw\/wp-json\/wp\/v2\/pages\/966\/revisions"}],"predecessor-version":[{"id":9197,"href":"http:\/\/www.ananomundo.com.br\/nw\/wp-json\/wp\/v2\/pages\/966\/revisions\/9197"}],"wp:featuredmedia":[{"embeddable":true,"href":"http:\/\/www.ananomundo.com.br\/nw\/wp-json\/wp\/v2\/media\/1086"}],"wp:attachment":[{"href":"http:\/\/www.ananomundo.com.br\/nw\/wp-json\/wp\/v2\/media?parent=966"}],"wp:term":[{"taxonomy":"post_tag","embeddable":true,"href":"http:\/\/www.ananomundo.com.br\/nw\/wp-json\/wp\/v2\/tags?post=966"}],"curies":[{"name":"wp","href":"https:\/\/api.w.org\/{rel}","templated":true}]}}